{"id":9814,"date":"2024-04-04T10:09:36","date_gmt":"2024-04-04T08:09:36","guid":{"rendered":"https:\/\/donkersvagparts.nl\/?page_id=9814"},"modified":"2026-01-20T09:22:51","modified_gmt":"2026-01-20T08:22:51","slug":"datenschutzrichtlinie","status":"publish","type":"page","link":"https:\/\/donkersvagparts.nl\/de\/datenschutzrichtlinie\/","title":{"rendered":"Datenschutzrichtlinie"},"content":{"rendered":"\n<h2 class=\"wp-block-heading\">Donkers VAG Parts<\/h2>\n\n\n\n<p>Bei der Beratung und dem Kauf unserer Dienstleistungen und\/oder Produkte erfragen wir Ihre personenbezogenen Daten. Donkers VAG Parts h\u00e4lt sich hiermit an die Datenschutz-Grundverordnung. Zum Schutz Ihrer Privatsph\u00e4re gelten die folgenden Hinweise. <br><br><strong>Die Verantwortlichen<\/strong><br>Donkers VAG Parts, mit Sitz in Taylorweg 6, 5466 AE Veghel, eingetragen im Handelsregister der Handelskammer unter der Nummer 97670537. Erreichbar unter 0413-319463 und \u00fcber webshop@donkersvagparts.nl.<\/p>\n\n\n\n<p>Der Datenschutzbeauftragte ist Mike Wijnen und kann unter 0413-319463 und \u00fcber webshop@donkersvagparts.nl erreicht werden.<br><br><strong>Wozu verarbeiten wir Ihre Daten?<br><\/strong>Im Rahmen unserer Dienstleistungen erfassen wir Daten. Wir haben dies im Datenregister herausgearbeitet. Wir verarbeiten Ihre personenbezogenen Daten, weil:  <\/p>\n\n\n\n<p>Sie melden sich bei uns f\u00fcr einen unserer Newsletter an;<br>Sie fordern Informationen von uns an, beispielsweise \u00fcber unsere Kontaktseite;<br>F\u00fcr statistische Analysen.<br><br><strong>Wie lange speichern wir Ihre personenbezogenen Daten?<br><\/strong>Wir bewahren Ihre personenbezogenen Daten in jedem Fall so lange auf, wie Sie Kunde von Donkers VAG Parts sind. Auch nach Beendigung unserer Dienste sind wir gesetzlich verpflichtet, bestimmte Daten aufzubewahren. Abschlie\u00dfend pr\u00fcfen wir die M\u00f6glichkeit, Ihnen in Zukunft wieder Dienstleistungen anbieten zu k\u00f6nnen. Nach Ablauf der Aufbewahrungsfrist vernichten wir Ihre Daten. Sie haben jederzeit das Recht, von uns die L\u00f6schung Ihrer Daten zu verlangen.<\/p>\n\n\n\n<p>M\u00f6chten Sie, dass wir Ihre Daten aus unserer Datei entfernen? Senden Sie eine E-Mail an webshop@donkersvagparts.nl. Wir werden Ihre Anfrage innerhalb von 7 Werktagen pr\u00fcfen. Kommt keine Vereinbarung zustande, werden wir Ihr Anliegen zeitgleich bearbeiten.   <br><br><strong>Recht auf Zugang und Kontrolle<\/strong><br>Die Datenschutz-Grundverordnung gew\u00e4hrt Ihnen bestimmte Rechte hinsichtlich der von uns verarbeiteten personenbezogenen Daten. Sie haben das Recht auf L\u00f6schung personenbezogener Daten, das Recht auf Einschr\u00e4nkung der Verarbeitung, das Recht auf Widerspruch gegen die Verarbeitung sowie das Recht auf Daten\u00fcbertragbarkeit. <\/p>\n\n\n\n<p>Wenn die von uns bereitgestellte Daten\u00fcbersicht Ihrer Meinung nach Ungenauigkeiten enth\u00e4lt, k\u00f6nnen Sie schriftlich eine Berichtigung der Daten beantragen, indem Sie eine E-Mail an webshop@donkersvagparts.nl senden. Wir werden Ihre Anfrage innerhalb von 7 Werktagen beantworten. <\/p>\n\n\n\n<p>Sie haben au\u00dferdem das Recht, uns mitzuteilen, dass Sie keine Informationen \u00fcber unsere Produkte und Dienstleistungen erhalten m\u00f6chten. Sie k\u00f6nnen dies auch melden, indem Sie eine E-Mail an webshop@donkersvagparts.nl senden. <br><br><strong>Datenschutzbestimmungen anderer Websites<\/strong><br>Autopartsveghel.nl enth\u00e4lt Links zu anderen Websites. Wir sind jedoch nicht f\u00fcr die Datenschutzrichtlinien dieser Websites verantwortlich. F\u00fcr weitere Informationen hierzu verweisen wir Sie auf die entsprechenden Websites. <\/p>\n\n\n\n<p><br><strong>Wir verwenden Cookies<\/strong><br>Wir verwenden Cookies, wenn Sie unsere Website besuchen. F\u00fcr nicht anonymisierte Daten bitten wir um vorherige Zustimmung. Wir verwenden Cookies, um Informationen \u00fcber die Nutzung unserer Dienste zu sammeln. Cookies sind kleine Informationseinheiten, die Ihr Browser automatisch auf Ihrem Computer speichert. So k\u00f6nnen wir Sie bei Ihrem n\u00e4chsten Besuch wiedererkennen. Cookies dienen nicht der Wiedererkennung von Personen; Sie identifizieren nur Computer. Sie k\u00f6nnen jedoch personenbezogene Daten enthalten. Durch den Einsatz von Cookies k\u00f6nnen wir unsere Dienste weiter verbessern und an die W\u00fcnsche der Besucher anpassen.<br><br><br><br><br><\/p>\n\n\n\n<p><strong>Warum verwenden wir Cookies?<\/strong><br>Um die Website besser funktionieren zu lassen.<br>Um die Nutzung der Website einfacher zu machen.<br>Um zu messen, ob Besucher die gew\u00fcnschten Informationen auf unserer Website leicht finden k\u00f6nnen.<br><br><strong>Welche Cookies verwenden wir auf dieser Website?<br>Google Analytics<br><\/strong>Diese Website nutzt Google Analytics, einen Webanalysedienst der Google Inc.. Die durch den Cookie erzeugten Informationen \u00fcber Ihre Nutzung der Website (einschlie\u00dflich Ihrer IP-Adresse) werden an Server von Google in den USA \u00fcbertragen und dort gespeichert. Google verwendet diese Informationen, um zu verfolgen, wie Sie die Website nutzen, um Berichte \u00fcber die Website-Aktivit\u00e4t f\u00fcr Website-Betreiber zusammenzustellen und um andere Dienstleistungen im Zusammenhang mit der Website-Aktivit\u00e4t und der Internetnutzung anzubieten. Google gibt diese Informationen gegebenenfalls an Dritte weiter, sofern Google dazu gesetzlich verpflichtet ist oder soweit diese Dritten die Informationen im Auftrag von Google verarbeiten. Google wird Ihre IP-Adresse nicht mit anderen Daten von Google zusammenf\u00fchren.<\/p>\n\n\n\n<p><strong>Permanente Cookies<\/strong><br>Durch die Verwendung dauerhafter Cookies stellen wir sicher, dass Sie bestimmte Aktionen nicht erneut durchf\u00fchren m\u00fcssen. Wir erkennen die Pr\u00e4ferenzen, die Sie bei einem fr\u00fcheren Besuch unserer Website angegeben haben. Das spart Ihnen Zeit und macht die Nutzung der Website angenehmer. Sie k\u00f6nnen permanente Cookies \u00fcber die Einstellungen Ihres Browsers l\u00f6schen.   <\/p>\n\n\n\n<p><strong>Sitzungscookies<\/strong><br>Wir setzen w\u00e4hrend Ihres Besuchs Session-Cookies ein und werden automatisch gel\u00f6scht, sobald Sie den Browser schlie\u00dfen. Wir merken uns, welche Teile Sie w\u00e4hrend eines Besuchs sehen und passen unsere Dienstleistungen entsprechend an. <\/p>\n\n\n\n<p><strong>Social-Media-Cookies<\/strong><br>Auf unserer Website finden Sie Schaltfl\u00e4chen, mit denen Sie unsere Nachrichten oder Webseiten in sozialen Medien bewerben k\u00f6nnen. Erw\u00e4gen Sie, \u00fcber Facebook, Instagram oder YouTube ein \u201eGef\u00e4llt mir\u201c zu markieren oder \u00fcber Twitter einen \u201eTweet\u201c zu senden. Diese Schaltfl\u00e4chen funktionieren \u00fcber Codeteile, die von den Social-Media-Plattformen selbst stammen. \u00dcber diesen Code werden Cookies gesetzt. Darauf haben wir keinen Einfluss. Die Social-Media-Plattformen geben in ihrer Datenschutzerkl\u00e4rung an, was sie mit Ihren Daten \u00fcber Cookies machen. Unsere Website verwendet au\u00dferdem einen Facebook-Pixel. Der Facebook-Pixel stellt sicher, dass Sie relevante Inhalte unserer Website auf Facebook sehen. So k\u00f6nnen wir Sie online besser bedienen.        <br><br><strong>Cookies von uns selbst verfolgen<\/strong><br>Wir fordern ein Tracking-Cookie an, sobald Sie eine Website aus unserem Netzwerk besuchen. Dadurch erfahren wir, dass Sie neben unserer Website auch die entsprechende(n) andere(n) Website(s) aus unserem Netzwerk besucht haben. Das dadurch erstellte Profil wird nicht mit Ihrem Namen, Ihrer Adresse, E-Mail-Adresse o.\u00e4. verkn\u00fcpft, sondern dient lediglich dazu, Werbeanzeigen so auf Ihr Profil abzustimmen, dass sie f\u00fcr Sie m\u00f6glichst relevant sind.  <\/p>\n\n\n\n<p><strong>Cookies im Internet Explorer l\u00f6schen<\/strong><br>Gehen Sie zum Men\u00fc \u201eExtras\u201c. > Internetoptionen> Registerkarte \u201eAllgemein\u201c. Klicken Sie unter \u201eBrowserverlauf\u201c auf \u201eL\u00f6schen\u201c. M\u00f6glicherweise m\u00f6chten Sie nicht alles l\u00f6schen. Stellen Sie sicher, dass \u201eCookies\u201c aktiviert ist, und klicken Sie auf \u201eEntfernen\u201c. <br><br><strong>Cookies in Firefox l\u00f6schen<\/strong><br>Gehen Sie zu Extras > Optionen> Registerkarte \u201eDatenschutz\u201c. Klicken Sie auf \u201eLetzten Verlauf l\u00f6schen\u201c. Unter Details k\u00f6nnen Sie genau angeben, was Sie l\u00f6schen m\u00f6chten. \u00dcberpr\u00fcfen Sie auf jeden Fall Cookies. Sie k\u00f6nnen auch angeben, wie alt die Cookies sein sollen. W\u00e4hlen Sie hier \u201eAlle\u201c aus. <br><br><strong>Cookies in Chrome l\u00f6schen<\/strong><br>Klicken Sie oben rechts auf das Symbol mit den drei Strichen. Klicken Sie auf Extras > Browserdaten l\u00f6schen\u2026 Stellen Sie in jedem Fall sicher, dass \u201eCookies und andere Website- und Plug-in-Daten l\u00f6schen\u201c aktiviert ist. Sie k\u00f6nnen auch angeben, wie alt die Cookies sein sollen. W\u00e4hlen Sie hier \u201eAlle\u201c aus. <br><br><strong>Urheberrecht und Datenbankrechte<\/strong><br>S\u00e4mtliche Urheber- und Datenbankrechte in Bezug auf (den Inhalt) unserer Website bleiben ausdr\u00fccklich vorbehalten. Diese Rechte sind Eigentum von Donkers VAG Parts in Veghel. <br><br><strong>Ver\u00e4nderungen<\/strong><br>Wir behalten uns das Recht vor, unsere Datenschutzbestimmungen jederzeit zu \u00e4ndern. Auf dieser Seite finden Sie jedoch immer die aktuellste Version. Bitte \u00fcberpr\u00fcfen Sie daher regelm\u00e4\u00dfig unsere Datenschutzbestimmungen auf dieser Website. <br><br><strong>Datenschutzverletzung<\/strong><br>Wenn Sie glauben, eine Schwachstelle in einem unserer (digitalen) Dienste gefunden zu haben (Sicherheitsverletzung) oder vertrauliche Informationen wie personenbezogene Daten einsehen oder darauf zugreifen k\u00f6nnen (Datenverletzung), m\u00f6chten wir diese Situation gerne gemeinsam mit Ihnen beheben schnellstm\u00f6glich. Wir bitten Sie daher, diese Informationen mit uns zu teilen.<br><br><br><br><br> <br><br><strong>Beschwerden<\/strong><br>Haben Sie eine Beschwerde dar\u00fcber, wie wir mit Ihren personenbezogenen Daten umgehen? Dann k\u00f6nnen Sie dies bei uns einreichen, indem Sie eine E-Mail an webshop@donkersvagparts.nl mit dem Betreff \u201eBeschwerde\u201c senden. Wir werden Ihre Anfrage innerhalb von 7 Werktagen beantworten. Sie k\u00f6nnen auch eine Beschwerde bei der niederl\u00e4ndischen Datenschutzbeh\u00f6rde einreichen.<\/p>\n\n\n\n<p>Wir haben das Recht, diese Datenschutzerkl\u00e4rung zu \u00e4ndern. Wir empfehlen Ihnen, diese Datenschutzerkl\u00e4rung regelm\u00e4\u00dfig einzusehen. In jedem Fall, wenn Sie uns Ihre personenbezogenen Daten mitteilen.  <br><br><strong>Haben Sie Fragen zu unserer Datenschutzerkl\u00e4rung?<\/strong><br>Senden Sie eine E-Mail an webshop@donkersvagparts.nl. Sie k\u00f6nnen diese E-Mail-Adresse auch nutzen, wenn Sie Fragen zu Ihren Daten haben oder diese \u00e4ndern m\u00f6chten. Unser Kundenservice hilft Ihnen gerne weiter.  <\/p>\n\n\n\n<p><\/p>\n","protected":false},"excerpt":{"rendered":"<p>Donkers VAG Parts Bei der Beratung und dem Kauf unserer Dienstleistungen und\/oder Produkte erfragen wir Ihre personenbezogenen Daten. Donkers VAG Parts h\u00e4lt sich hiermit an die Datenschutz-Grundverordnung. Zum Schutz Ihrer Privatsph\u00e4re gelten die folgenden Hinweise. Die VerantwortlichenDonkers VAG Parts, mit Sitz in Taylorweg 6, 5466 AE Veghel, eingetragen im Handelsregister der Handelskammer unter der Nummer [&hellip;]<\/p>\n","protected":false},"author":1,"featured_media":0,"parent":0,"menu_order":0,"comment_status":"closed","ping_status":"closed","template":"","meta":{"_acf_changed":false,"_eb_attr":"","footnotes":""},"class_list":["post-9814","page","type-page","status-publish","hentry"],"acf":[],"yoast_head":"<!-- This site is optimized with the Yoast SEO plugin v27.4 - https:\/\/yoast.com\/product\/yoast-seo-wordpress\/ -->\n<title>Datenschutzrichtlinie - Donkers VAG Parts<\/title>\n<meta name=\"robots\" content=\"index, follow, max-snippet:-1, max-image-preview:large, max-video-preview:-1\" \/>\n<link rel=\"canonical\" href=\"https:\/\/donkersvagparts.nl\/de\/datenschutzrichtlinie\/\" \/>\n<meta property=\"og:locale\" content=\"de_DE\" \/>\n<meta property=\"og:type\" content=\"article\" \/>\n<meta property=\"og:title\" content=\"Datenschutzrichtlinie - Donkers VAG Parts\" \/>\n<meta property=\"og:description\" content=\"Donkers VAG Parts Bei der Beratung und dem Kauf unserer Dienstleistungen und\/oder Produkte erfragen wir Ihre personenbezogenen Daten. Donkers VAG Parts h\u00e4lt sich hiermit an die Datenschutz-Grundverordnung. Zum Schutz Ihrer Privatsph\u00e4re gelten die folgenden Hinweise. Die VerantwortlichenDonkers VAG Parts, mit Sitz in Taylorweg 6, 5466 AE Veghel, eingetragen im Handelsregister der Handelskammer unter der Nummer [&hellip;]\" \/>\n<meta property=\"og:url\" content=\"https:\/\/donkersvagparts.nl\/de\/datenschutzrichtlinie\/\" \/>\n<meta property=\"og:site_name\" content=\"Donkers VAG Parts\" \/>\n<meta property=\"article:modified_time\" content=\"2026-01-20T08:22:51+00:00\" \/>\n<meta property=\"og:image\" content=\"https:\/\/donkersvagparts.nl\/wp-content\/uploads\/2024\/11\/DSC08860-10.jpg\" \/>\n\t<meta property=\"og:image:width\" content=\"1920\" \/>\n\t<meta property=\"og:image:height\" content=\"1281\" \/>\n\t<meta property=\"og:image:type\" content=\"image\/jpeg\" \/>\n<meta name=\"twitter:card\" content=\"summary_large_image\" \/>\n<meta name=\"twitter:label1\" content=\"Gesch\u00e4tzte Lesezeit\" \/>\n\t<meta name=\"twitter:data1\" content=\"6\u00a0Minuten\" \/>\n<script type=\"application\/ld+json\" class=\"yoast-schema-graph\">{\"@context\":\"https:\\\/\\\/schema.org\",\"@graph\":[{\"@type\":\"WebPage\",\"@id\":\"https:\\\/\\\/donkersvagparts.nl\\\/de\\\/datenschutzrichtlinie\\\/\",\"url\":\"https:\\\/\\\/donkersvagparts.nl\\\/de\\\/datenschutzrichtlinie\\\/\",\"name\":\"Datenschutzrichtlinie - Donkers VAG Parts\",\"isPartOf\":{\"@id\":\"https:\\\/\\\/donkersvagparts.nl\\\/de\\\/#website\"},\"datePublished\":\"2024-04-04T08:09:36+00:00\",\"dateModified\":\"2026-01-20T08:22:51+00:00\",\"breadcrumb\":{\"@id\":\"https:\\\/\\\/donkersvagparts.nl\\\/de\\\/datenschutzrichtlinie\\\/#breadcrumb\"},\"inLanguage\":\"de\",\"potentialAction\":[{\"@type\":\"ReadAction\",\"target\":[\"https:\\\/\\\/donkersvagparts.nl\\\/de\\\/datenschutzrichtlinie\\\/\"]}]},{\"@type\":\"BreadcrumbList\",\"@id\":\"https:\\\/\\\/donkersvagparts.nl\\\/de\\\/datenschutzrichtlinie\\\/#breadcrumb\",\"itemListElement\":[{\"@type\":\"ListItem\",\"position\":1,\"name\":\"Home\",\"item\":\"https:\\\/\\\/donkersvagparts.nl\\\/de\\\/\"},{\"@type\":\"ListItem\",\"position\":2,\"name\":\"Datenschutzrichtlinie\"}]},{\"@type\":\"WebSite\",\"@id\":\"https:\\\/\\\/donkersvagparts.nl\\\/de\\\/#website\",\"url\":\"https:\\\/\\\/donkersvagparts.nl\\\/de\\\/\",\"name\":\"Donkers VAG Parts\",\"description\":\"\",\"publisher\":{\"@id\":\"https:\\\/\\\/donkersvagparts.nl\\\/de\\\/#organization\"},\"potentialAction\":[{\"@type\":\"SearchAction\",\"target\":{\"@type\":\"EntryPoint\",\"urlTemplate\":\"https:\\\/\\\/donkersvagparts.nl\\\/de\\\/?s={search_term_string}\"},\"query-input\":{\"@type\":\"PropertyValueSpecification\",\"valueRequired\":true,\"valueName\":\"search_term_string\"}}],\"inLanguage\":\"de\"},{\"@type\":\"Organization\",\"@id\":\"https:\\\/\\\/donkersvagparts.nl\\\/de\\\/#organization\",\"name\":\"Donkers VAG Parts\",\"url\":\"https:\\\/\\\/donkersvagparts.nl\\\/de\\\/\",\"logo\":{\"@type\":\"ImageObject\",\"inLanguage\":\"de\",\"@id\":\"https:\\\/\\\/donkersvagparts.nl\\\/de\\\/#\\\/schema\\\/logo\\\/image\\\/\",\"url\":\"https:\\\/\\\/donkersvagparts.nl\\\/wp-content\\\/uploads\\\/2026\\\/01\\\/Donkers-VAG-parts-logo.png\",\"contentUrl\":\"https:\\\/\\\/donkersvagparts.nl\\\/wp-content\\\/uploads\\\/2026\\\/01\\\/Donkers-VAG-parts-logo.png\",\"width\":1454,\"height\":178,\"caption\":\"Donkers VAG Parts\"},\"image\":{\"@id\":\"https:\\\/\\\/donkersvagparts.nl\\\/de\\\/#\\\/schema\\\/logo\\\/image\\\/\"}}]}<\/script>\n<!-- \/ Yoast SEO plugin. -->","yoast_head_json":{"title":"Datenschutzrichtlinie - Donkers VAG Parts","robots":{"index":"index","follow":"follow","max-snippet":"max-snippet:-1","max-image-preview":"max-image-preview:large","max-video-preview":"max-video-preview:-1"},"canonical":"https:\/\/donkersvagparts.nl\/de\/datenschutzrichtlinie\/","og_locale":"de_DE","og_type":"article","og_title":"Datenschutzrichtlinie - Donkers VAG Parts","og_description":"Donkers VAG Parts Bei der Beratung und dem Kauf unserer Dienstleistungen und\/oder Produkte erfragen wir Ihre personenbezogenen Daten. Donkers VAG Parts h\u00e4lt sich hiermit an die Datenschutz-Grundverordnung. Zum Schutz Ihrer Privatsph\u00e4re gelten die folgenden Hinweise. Die VerantwortlichenDonkers VAG Parts, mit Sitz in Taylorweg 6, 5466 AE Veghel, eingetragen im Handelsregister der Handelskammer unter der Nummer [&hellip;]","og_url":"https:\/\/donkersvagparts.nl\/de\/datenschutzrichtlinie\/","og_site_name":"Donkers VAG Parts","article_modified_time":"2026-01-20T08:22:51+00:00","og_image":[{"width":1920,"height":1281,"url":"https:\/\/donkersvagparts.nl\/wp-content\/uploads\/2024\/11\/DSC08860-10.jpg","type":"image\/jpeg"}],"twitter_card":"summary_large_image","twitter_misc":{"Gesch\u00e4tzte Lesezeit":"6\u00a0Minuten"},"schema":{"@context":"https:\/\/schema.org","@graph":[{"@type":"WebPage","@id":"https:\/\/donkersvagparts.nl\/de\/datenschutzrichtlinie\/","url":"https:\/\/donkersvagparts.nl\/de\/datenschutzrichtlinie\/","name":"Datenschutzrichtlinie - Donkers VAG Parts","isPartOf":{"@id":"https:\/\/donkersvagparts.nl\/de\/#website"},"datePublished":"2024-04-04T08:09:36+00:00","dateModified":"2026-01-20T08:22:51+00:00","breadcrumb":{"@id":"https:\/\/donkersvagparts.nl\/de\/datenschutzrichtlinie\/#breadcrumb"},"inLanguage":"de","potentialAction":[{"@type":"ReadAction","target":["https:\/\/donkersvagparts.nl\/de\/datenschutzrichtlinie\/"]}]},{"@type":"BreadcrumbList","@id":"https:\/\/donkersvagparts.nl\/de\/datenschutzrichtlinie\/#breadcrumb","itemListElement":[{"@type":"ListItem","position":1,"name":"Home","item":"https:\/\/donkersvagparts.nl\/de\/"},{"@type":"ListItem","position":2,"name":"Datenschutzrichtlinie"}]},{"@type":"WebSite","@id":"https:\/\/donkersvagparts.nl\/de\/#website","url":"https:\/\/donkersvagparts.nl\/de\/","name":"Donkers VAG Parts","description":"","publisher":{"@id":"https:\/\/donkersvagparts.nl\/de\/#organization"},"potentialAction":[{"@type":"SearchAction","target":{"@type":"EntryPoint","urlTemplate":"https:\/\/donkersvagparts.nl\/de\/?s={search_term_string}"},"query-input":{"@type":"PropertyValueSpecification","valueRequired":true,"valueName":"search_term_string"}}],"inLanguage":"de"},{"@type":"Organization","@id":"https:\/\/donkersvagparts.nl\/de\/#organization","name":"Donkers VAG Parts","url":"https:\/\/donkersvagparts.nl\/de\/","logo":{"@type":"ImageObject","inLanguage":"de","@id":"https:\/\/donkersvagparts.nl\/de\/#\/schema\/logo\/image\/","url":"https:\/\/donkersvagparts.nl\/wp-content\/uploads\/2026\/01\/Donkers-VAG-parts-logo.png","contentUrl":"https:\/\/donkersvagparts.nl\/wp-content\/uploads\/2026\/01\/Donkers-VAG-parts-logo.png","width":1454,"height":178,"caption":"Donkers VAG Parts"},"image":{"@id":"https:\/\/donkersvagparts.nl\/de\/#\/schema\/logo\/image\/"}}]}},"_links":{"self":[{"href":"https:\/\/donkersvagparts.nl\/de\/wp-json\/wp\/v2\/pages\/9814","targetHints":{"allow":["GET"]}}],"collection":[{"href":"https:\/\/donkersvagparts.nl\/de\/wp-json\/wp\/v2\/pages"}],"about":[{"href":"https:\/\/donkersvagparts.nl\/de\/wp-json\/wp\/v2\/types\/page"}],"author":[{"embeddable":true,"href":"https:\/\/donkersvagparts.nl\/de\/wp-json\/wp\/v2\/users\/1"}],"replies":[{"embeddable":true,"href":"https:\/\/donkersvagparts.nl\/de\/wp-json\/wp\/v2\/comments?post=9814"}],"version-history":[{"count":0,"href":"https:\/\/donkersvagparts.nl\/de\/wp-json\/wp\/v2\/pages\/9814\/revisions"}],"wp:attachment":[{"href":"https:\/\/donkersvagparts.nl\/de\/wp-json\/wp\/v2\/media?parent=9814"}],"curies":[{"name":"wp","href":"https:\/\/api.w.org\/{rel}","templated":true}]}}