{"id":9807,"date":"2020-10-09T13:39:05","date_gmt":"2020-10-09T11:39:05","guid":{"rendered":"https:\/\/donkersvagparts.nl\/ueber-uns\/"},"modified":"2026-01-20T09:42:41","modified_gmt":"2026-01-20T08:42:41","slug":"ueber-uns","status":"publish","type":"page","link":"https:\/\/donkersvagparts.nl\/de\/ueber-uns\/","title":{"rendered":"\u00dcber uns"},"content":{"rendered":"\n<div class=\"wp-block-essential-blocks-wrapper alignfull  root-eb-wrapper-49uk7\"><div class=\"eb-parent-wrapper eb-parent-eb-wrapper-49uk7 \"><div class=\"eb-wrapper-outer eb-wrapper-49uk7\"><div class=\"eb-wrapper-inner\"><div class=\"eb-wrapper-inner-blocks eb-wrapper-align-center\">\n<div class=\"wp-block-essential-blocks-row alignwide  root-eb-row-dt9kr\"><div class=\"eb-parent-wrapper eb-parent-eb-row-dt9kr \"><div class=\"eb-row-root-container eb-row-dt9kr\" data-id=\"eb-row-dt9kr\"><div class=\"eb-row-wrapper\"><div class=\"eb-row-inner\">\n<div class=\"wp-block-essential-blocks-column  root-eb-column-q0zlb\"><div class=\"eb-parent-wrapper eb-parent-eb-column-q0zlb \"><div class=\"eb-column-wrapper eb-column-q0zlb\"><div class=\"eb-column-inner\">\n<h1 class=\"wp-block-heading has-white-color has-text-color has-link-color wp-elements-fc85bd6b216f5228ac9a151d5c2b1c28\">\u00dcber uns<\/h1>\n\n\n\n<p class=\"has-white-color has-text-color has-link-color wp-elements-451c8ed8bae361b519ec082658a9f535\" style=\"font-size:clamp(14px, 0.875rem + ((1vw - 3.2px) * 0.46), 18px);\">Donkers VAG Parts ist Ihr Spezialist f\u00fcr Autoteile. Dank unserer Kenntnis aller Ausf\u00fchrungen wissen wir genau, was Sie brauchen. F\u00fcr passende Originalteile sind Sie bei uns immer an der richtigen Adresse!<\/p>\n\n\n\n<div class=\"wp-block-buttons is-layout-flex wp-block-buttons-is-layout-flex\">\n<div class=\"wp-block-button btn-hover btn-hover-float is-style-fill\"><a class=\"wp-block-button__link has-white-color has-text-color has-background has-link-color has-custom-font-size wp-element-button\" href=\"https:\/\/donkersvagparts.nl\/de\/shop\/\" style=\"border-style:none;border-width:0px;border-radius:6px;background-color:#f50537;padding-top:16px;padding-right:25px;padding-bottom:16px;padding-left:25px;font-size:clamp(14px, 0.875rem + ((1vw - 3.2px) * 0.69), 20px);\">Sehen Sie sich unseren Webshop an \u2192<\/a><\/div>\n<\/div>\n<\/div><\/div><\/div><\/div>\n\n\n\n<div class=\"wp-block-essential-blocks-column  root-eb-column-u0b6p\"><div class=\"eb-parent-wrapper eb-parent-eb-column-u0b6p \"><div class=\"eb-column-wrapper eb-column-u0b6p\"><div class=\"eb-column-inner\"><\/div><\/div><\/div><\/div>\n<\/div><\/div><\/div><\/div><\/div>\n<\/div><\/div><\/div><\/div><\/div>\n\n\n\n<div class=\"wp-block-essential-blocks-wrapper alignfull custom-content-media  root-eb-wrapper-wnrgf\"><div class=\"eb-parent-wrapper eb-parent-eb-wrapper-wnrgf \"><div class=\"eb-wrapper-outer eb-wrapper-wnrgf\"><div class=\"eb-wrapper-inner\"><div class=\"eb-wrapper-inner-blocks eb-wrapper-align-center\">\n<div class=\"wp-block-essential-blocks-row alignwide  root-eb-row-5kgwa\"><div class=\"eb-parent-wrapper eb-parent-eb-row-5kgwa \"><div class=\"eb-row-root-container eb-row-5kgwa\" data-id=\"eb-row-5kgwa\"><div class=\"eb-row-wrapper\"><div class=\"eb-row-inner\">\n<div class=\"wp-block-essential-blocks-column  root-eb-column-550rg\"><div class=\"eb-parent-wrapper eb-parent-eb-column-550rg \"><div class=\"eb-column-wrapper eb-column-550rg\"><div class=\"eb-column-inner\">\n<div class=\"wp-block-media-text alignwide is-stacked-on-mobile\" style=\"padding-right:0;padding-left:0\"><figure class=\"wp-block-media-text__media\"><img loading=\"lazy\" decoding=\"async\" width=\"1024\" height=\"683\" src=\"https:\/\/donkersvagparts.nl\/wp-content\/uploads\/2024\/10\/DSC08888-15-Kenteken-WEG-1024x683.jpg\" alt=\"\" class=\"wp-image-9057 size-full\" srcset=\"https:\/\/donkersvagparts.nl\/wp-content\/uploads\/2024\/10\/DSC08888-15-Kenteken-WEG-1024x683.jpg 1024w, https:\/\/donkersvagparts.nl\/wp-content\/uploads\/2024\/10\/DSC08888-15-Kenteken-WEG-300x200.jpg 300w, https:\/\/donkersvagparts.nl\/wp-content\/uploads\/2024\/10\/DSC08888-15-Kenteken-WEG-768x512.jpg 768w, https:\/\/donkersvagparts.nl\/wp-content\/uploads\/2024\/10\/DSC08888-15-Kenteken-WEG-1536x1025.jpg 1536w, https:\/\/donkersvagparts.nl\/wp-content\/uploads\/2024\/10\/DSC08888-15-Kenteken-WEG-990x661.jpg 990w, https:\/\/donkersvagparts.nl\/wp-content\/uploads\/2024\/10\/DSC08888-15-Kenteken-WEG-441x294.jpg 441w, https:\/\/donkersvagparts.nl\/wp-content\/uploads\/2024\/10\/DSC08888-15-Kenteken-WEG-800x534.jpg 800w, https:\/\/donkersvagparts.nl\/wp-content\/uploads\/2024\/10\/DSC08888-15-Kenteken-WEG-150x100.jpg 150w, https:\/\/donkersvagparts.nl\/wp-content\/uploads\/2024\/10\/DSC08888-15-Kenteken-WEG.jpg 1920w\" sizes=\"auto, (max-width: 1024px) 100vw, 1024px\" \/><\/figure><div class=\"wp-block-media-text__content\">\n<div class=\"wp-block-essential-blocks-advanced-heading  root-eb-advance-heading-29kq3\"><div class=\"eb-parent-wrapper eb-parent-eb-advance-heading-29kq3 \"><div class=\"eb-advance-heading-wrapper eb-advance-heading-29kq3 button-1 undefined\" data-id=\"eb-advance-heading-29kq3\"><h2 class=\"eb-ah-title\"><span class=\"first-title\">Unsere Geschichte begann im Jahr 2000.<\/span><\/h2><\/div><\/div><\/div>\n\n\n\n<p style=\"margin-top:var(--wp--preset--spacing--medium);margin-right:0;margin-bottom:var(--wp--preset--spacing--medium);margin-left:0\">Unser Unternehmen ist auf die Herstellung von Audis spezialisiert, die in den 1980er und 1990er Jahren bei Renn-, Rallye- und Bergrennen an den Start gingen.<\/p>\n\n\n\n<p>Unser Team ist bereit, Ihnen dabei zu helfen, ein sch\u00f6nes Ergebnis zu erzielen, mit dem sowohl der Kunde als auch wir zufrieden sind.<\/p>\n<\/div><\/div>\n\n\n\n<div style=\"height:40px\" aria-hidden=\"true\" class=\"wp-block-spacer\"><\/div>\n\n\n\n<div class=\"wp-block-media-text alignwide has-media-on-the-right is-stacked-on-mobile\" style=\"padding-right:0;padding-left:0\"><div class=\"wp-block-media-text__content\">\n<div class=\"wp-block-essential-blocks-advanced-heading  root-eb-advance-heading-pt3xp\"><div class=\"eb-parent-wrapper eb-parent-eb-advance-heading-pt3xp \"><div class=\"eb-advance-heading-wrapper eb-advance-heading-pt3xp button-1 undefined\" data-id=\"eb-advance-heading-pt3xp\"><h2 class=\"eb-ah-title\"><span class=\"first-title\">Werkstatt<\/span><\/h2><\/div><\/div><\/div>\n\n\n\n<p style=\"margin-top:var(--wp--preset--spacing--medium);margin-right:0;margin-bottom:var(--wp--preset--spacing--medium);margin-left:0\">Unser Wissen und unsere Erfahrung rund um die Marke Audi sind sowohl Privatpersonen als auch Werkstattbetrieben, die unsere Dienste in Anspruch nehmen, seit vielen Jahren bekannt. Wenn Sie auf der Suche nach einer guten Servicestelle f\u00fcr Ihren Audi sind, sind Sie bei uns genau richtig. Mit einem Team von Spezialisten reparieren und pr\u00fcfen wir t\u00e4glich Audis aller Art und sorgen daf\u00fcr, dass die Mobilit\u00e4t unserer Kunden gew\u00e4hrleistet ist. Wir arbeiten nach dem No-Nonsense-Prinzip, sodass Sie von uns immer einen fairen Preis erwarten k\u00f6nnen.  <br><\/p>\n<\/div><figure class=\"wp-block-media-text__media\"><img decoding=\"async\" src=\"https:\/\/donkersvagparts.nl\/wp-content\/uploads\/2025\/03\/garage-1024x683.jpg\" alt=\"\" class=\"wp-image-13127 size-full\"\/><\/figure><\/div>\n\n\n\n<div style=\"height:40px\" aria-hidden=\"true\" class=\"wp-block-spacer\"><\/div>\n\n\n\n<div class=\"wp-block-media-text alignwide is-stacked-on-mobile\" style=\"padding-right:0;padding-left:0\"><figure class=\"wp-block-media-text__media\"><img loading=\"lazy\" decoding=\"async\" width=\"1024\" height=\"683\" src=\"https:\/\/donkersvagparts.nl\/wp-content\/uploads\/2024\/10\/DSC08841-3-1024x683.jpg\" alt=\"\" class=\"wp-image-9051 size-full\" srcset=\"https:\/\/donkersvagparts.nl\/wp-content\/uploads\/2024\/10\/DSC08841-3-1024x683.jpg 1024w, https:\/\/donkersvagparts.nl\/wp-content\/uploads\/2024\/10\/DSC08841-3-300x200.jpg 300w, https:\/\/donkersvagparts.nl\/wp-content\/uploads\/2024\/10\/DSC08841-3-768x512.jpg 768w, https:\/\/donkersvagparts.nl\/wp-content\/uploads\/2024\/10\/DSC08841-3-1536x1025.jpg 1536w, https:\/\/donkersvagparts.nl\/wp-content\/uploads\/2024\/10\/DSC08841-3-990x661.jpg 990w, https:\/\/donkersvagparts.nl\/wp-content\/uploads\/2024\/10\/DSC08841-3-441x294.jpg 441w, https:\/\/donkersvagparts.nl\/wp-content\/uploads\/2024\/10\/DSC08841-3-800x534.jpg 800w, https:\/\/donkersvagparts.nl\/wp-content\/uploads\/2024\/10\/DSC08841-3-150x100.jpg 150w, https:\/\/donkersvagparts.nl\/wp-content\/uploads\/2024\/10\/DSC08841-3.jpg 1920w\" sizes=\"auto, (max-width: 1024px) 100vw, 1024px\" \/><\/figure><div class=\"wp-block-media-text__content\">\n<div class=\"wp-block-essential-blocks-advanced-heading  root-eb-advance-heading-j8f9s\"><div class=\"eb-parent-wrapper eb-parent-eb-advance-heading-j8f9s \"><div class=\"eb-advance-heading-wrapper eb-advance-heading-j8f9s button-1 undefined\" data-id=\"eb-advance-heading-j8f9s\"><h2 class=\"eb-ah-title\"><span class=\"first-title\"><strong><strong>Teile<\/strong><\/strong>.<\/span><\/h2><\/div><\/div><\/div>\n\n\n\n<p style=\"margin-top:var(--wp--preset--spacing--medium);margin-right:0;margin-bottom:var(--wp--preset--spacing--medium);margin-left:0\">Eine der Kernaktivit\u00e4ten von Donkers VAG Parts ist die Lieferung von Ersatzteilen. Die Lieferung von Teilen ist eine Spezialit\u00e4t f\u00fcr sich. Das liegt vor allem an der gro\u00dfen Typenvielfalt der Marke. Es ist viel mehr als nur die Bestellung eines Bolzens und einer Schraube. Daher ist das Fachwissen unserer Eink\u00e4ufer von entscheidender Bedeutung. Sie wissen besser als jeder andere, was Sie brauchen. Auch f\u00fcr Ersatzteile sind Sie bei uns genau richtig! <br><\/p>\n<\/div><\/div>\n\n\n\n<div style=\"height:40px\" aria-hidden=\"true\" class=\"wp-block-spacer\"><\/div>\n\n\n\n<div class=\"wp-block-media-text alignwide has-media-on-the-right is-stacked-on-mobile\"><div class=\"wp-block-media-text__content\">\n<div class=\"wp-block-essential-blocks-advanced-heading  root-eb-advance-heading-am1l2\"><div class=\"eb-parent-wrapper eb-parent-eb-advance-heading-am1l2 \"><div class=\"eb-advance-heading-wrapper eb-advance-heading-am1l2 button-1 undefined\" data-id=\"eb-advance-heading-am1l2\"><h2 class=\"eb-ah-title\"><span class=\"first-title\">Sonderangebote.<\/span><\/h2><\/div><\/div><\/div>\n\n\n\n<p style=\"margin-top:var(--wp--preset--spacing--medium);margin-bottom:var(--wp--preset--spacing--medium)\">Wo es f\u00fcr viele Werkstattbetriebe aufh\u00f6rt, beginnt es erst bei <br>Donkers VAG Parts. Wir scheuen weder einen kompletten Umbau noch gro\u00dfe Anpassungen. Dabei kann es sich um elektronische Erweiterungen oder Anpassungen, andere Karosserieteile oder sogar einen komplett anderen Motor in einem Fahrzeug handeln. Unter Ber\u00fccksichtigung der weiterhin funktionierenden vorhandenen Bordelektronik und damit eines fehlerfreien Betriebs ist uns nichts zu verr\u00fcckt. Wenn Sie einen (anderen) Wunsch haben, mit dem Ihre Garage nichts anzufangen wei\u00df, kontaktieren Sie uns bitte und wir besprechen gerne die M\u00f6glichkeiten mit Ihnen.<\/p>\n<\/div><figure class=\"wp-block-media-text__media\"><img decoding=\"async\" src=\"https:\/\/donkersvagparts.nl\/wp-content\/uploads\/2024\/10\/20181201_135647-scaled-1-e1730376881761-1024x599.jpg\" alt=\"\" class=\"wp-image-9060 size-full\"\/><\/figure><\/div>\n<\/div><\/div><\/div><\/div>\n<\/div><\/div><\/div><\/div><\/div>\n<\/div><\/div><\/div><\/div><\/div>\n\n\n\n<p><\/p>\n","protected":false},"excerpt":{"rendered":"","protected":false},"author":1,"featured_media":0,"parent":0,"menu_order":0,"comment_status":"closed","ping_status":"closed","template":"template-canvas.php","meta":{"_acf_changed":false,"_eb_attr":"","footnotes":""},"class_list":["post-9807","page","type-page","status-publish","hentry"],"acf":[],"yoast_head":"<!-- This site is optimized with the Yoast SEO plugin v27.4 - https:\/\/yoast.com\/product\/yoast-seo-wordpress\/ -->\n<title>\u00dcber uns<\/title>\n<meta name=\"robots\" content=\"index, follow, max-snippet:-1, max-image-preview:large, max-video-preview:-1\" \/>\n<link rel=\"canonical\" href=\"https:\/\/donkersvagparts.nl\/de\/ueber-uns\/\" \/>\n<meta property=\"og:locale\" content=\"de_DE\" \/>\n<meta property=\"og:type\" content=\"article\" \/>\n<meta property=\"og:title\" content=\"\u00dcber uns\" \/>\n<meta property=\"og:url\" content=\"https:\/\/donkersvagparts.nl\/de\/ueber-uns\/\" \/>\n<meta property=\"og:site_name\" content=\"Donkers VAG Parts\" \/>\n<meta property=\"article:modified_time\" content=\"2026-01-20T08:42:41+00:00\" \/>\n<meta property=\"og:image\" content=\"https:\/\/donkersvagparts.nl\/wp-content\/uploads\/2024\/10\/DSC08888-15-Kenteken-WEG.jpg\" \/>\n\t<meta property=\"og:image:width\" content=\"1920\" \/>\n\t<meta property=\"og:image:height\" content=\"1281\" \/>\n\t<meta property=\"og:image:type\" content=\"image\/jpeg\" \/>\n<meta name=\"twitter:card\" content=\"summary_large_image\" \/>\n<meta name=\"twitter:label1\" content=\"Gesch\u00e4tzte Lesezeit\" \/>\n\t<meta name=\"twitter:data1\" content=\"3\u00a0Minuten\" \/>\n<script type=\"application\/ld+json\" class=\"yoast-schema-graph\">{\"@context\":\"https:\\\/\\\/schema.org\",\"@graph\":[{\"@type\":\"WebPage\",\"@id\":\"https:\\\/\\\/donkersvagparts.nl\\\/de\\\/ueber-uns\\\/\",\"url\":\"https:\\\/\\\/donkersvagparts.nl\\\/de\\\/ueber-uns\\\/\",\"name\":\"\u00dcber uns\",\"isPartOf\":{\"@id\":\"https:\\\/\\\/donkersvagparts.nl\\\/de\\\/#website\"},\"primaryImageOfPage\":{\"@id\":\"https:\\\/\\\/donkersvagparts.nl\\\/de\\\/ueber-uns\\\/#primaryimage\"},\"image\":{\"@id\":\"https:\\\/\\\/donkersvagparts.nl\\\/de\\\/ueber-uns\\\/#primaryimage\"},\"thumbnailUrl\":\"https:\\\/\\\/donkersvagparts.nl\\\/wp-content\\\/uploads\\\/2024\\\/10\\\/DSC08888-15-Kenteken-WEG-1024x683.jpg\",\"datePublished\":\"2020-10-09T11:39:05+00:00\",\"dateModified\":\"2026-01-20T08:42:41+00:00\",\"breadcrumb\":{\"@id\":\"https:\\\/\\\/donkersvagparts.nl\\\/de\\\/ueber-uns\\\/#breadcrumb\"},\"inLanguage\":\"de\",\"potentialAction\":[{\"@type\":\"ReadAction\",\"target\":[\"https:\\\/\\\/donkersvagparts.nl\\\/de\\\/ueber-uns\\\/\"]}]},{\"@type\":\"ImageObject\",\"inLanguage\":\"de\",\"@id\":\"https:\\\/\\\/donkersvagparts.nl\\\/de\\\/ueber-uns\\\/#primaryimage\",\"url\":\"https:\\\/\\\/donkersvagparts.nl\\\/wp-content\\\/uploads\\\/2024\\\/10\\\/DSC08888-15-Kenteken-WEG-1024x683.jpg\",\"contentUrl\":\"https:\\\/\\\/donkersvagparts.nl\\\/wp-content\\\/uploads\\\/2024\\\/10\\\/DSC08888-15-Kenteken-WEG-1024x683.jpg\"},{\"@type\":\"BreadcrumbList\",\"@id\":\"https:\\\/\\\/donkersvagparts.nl\\\/de\\\/ueber-uns\\\/#breadcrumb\",\"itemListElement\":[{\"@type\":\"ListItem\",\"position\":1,\"name\":\"Home\",\"item\":\"https:\\\/\\\/donkersvagparts.nl\\\/de\\\/\"},{\"@type\":\"ListItem\",\"position\":2,\"name\":\"\u00dcber uns\"}]},{\"@type\":\"WebSite\",\"@id\":\"https:\\\/\\\/donkersvagparts.nl\\\/de\\\/#website\",\"url\":\"https:\\\/\\\/donkersvagparts.nl\\\/de\\\/\",\"name\":\"Donkers VAG Parts\",\"description\":\"\",\"publisher\":{\"@id\":\"https:\\\/\\\/donkersvagparts.nl\\\/de\\\/#organization\"},\"potentialAction\":[{\"@type\":\"SearchAction\",\"target\":{\"@type\":\"EntryPoint\",\"urlTemplate\":\"https:\\\/\\\/donkersvagparts.nl\\\/de\\\/?s={search_term_string}\"},\"query-input\":{\"@type\":\"PropertyValueSpecification\",\"valueRequired\":true,\"valueName\":\"search_term_string\"}}],\"inLanguage\":\"de\"},{\"@type\":\"Organization\",\"@id\":\"https:\\\/\\\/donkersvagparts.nl\\\/de\\\/#organization\",\"name\":\"Donkers VAG Parts\",\"url\":\"https:\\\/\\\/donkersvagparts.nl\\\/de\\\/\",\"logo\":{\"@type\":\"ImageObject\",\"inLanguage\":\"de\",\"@id\":\"https:\\\/\\\/donkersvagparts.nl\\\/de\\\/#\\\/schema\\\/logo\\\/image\\\/\",\"url\":\"https:\\\/\\\/donkersvagparts.nl\\\/wp-content\\\/uploads\\\/2026\\\/01\\\/Donkers-VAG-parts-logo.png\",\"contentUrl\":\"https:\\\/\\\/donkersvagparts.nl\\\/wp-content\\\/uploads\\\/2026\\\/01\\\/Donkers-VAG-parts-logo.png\",\"width\":1454,\"height\":178,\"caption\":\"Donkers VAG Parts\"},\"image\":{\"@id\":\"https:\\\/\\\/donkersvagparts.nl\\\/de\\\/#\\\/schema\\\/logo\\\/image\\\/\"}}]}<\/script>\n<!-- \/ Yoast SEO plugin. -->","yoast_head_json":{"title":"\u00dcber uns","robots":{"index":"index","follow":"follow","max-snippet":"max-snippet:-1","max-image-preview":"max-image-preview:large","max-video-preview":"max-video-preview:-1"},"canonical":"https:\/\/donkersvagparts.nl\/de\/ueber-uns\/","og_locale":"de_DE","og_type":"article","og_title":"\u00dcber uns","og_url":"https:\/\/donkersvagparts.nl\/de\/ueber-uns\/","og_site_name":"Donkers VAG Parts","article_modified_time":"2026-01-20T08:42:41+00:00","og_image":[{"width":1920,"height":1281,"url":"https:\/\/donkersvagparts.nl\/wp-content\/uploads\/2024\/10\/DSC08888-15-Kenteken-WEG.jpg","type":"image\/jpeg"}],"twitter_card":"summary_large_image","twitter_misc":{"Gesch\u00e4tzte Lesezeit":"3\u00a0Minuten"},"schema":{"@context":"https:\/\/schema.org","@graph":[{"@type":"WebPage","@id":"https:\/\/donkersvagparts.nl\/de\/ueber-uns\/","url":"https:\/\/donkersvagparts.nl\/de\/ueber-uns\/","name":"\u00dcber uns","isPartOf":{"@id":"https:\/\/donkersvagparts.nl\/de\/#website"},"primaryImageOfPage":{"@id":"https:\/\/donkersvagparts.nl\/de\/ueber-uns\/#primaryimage"},"image":{"@id":"https:\/\/donkersvagparts.nl\/de\/ueber-uns\/#primaryimage"},"thumbnailUrl":"https:\/\/donkersvagparts.nl\/wp-content\/uploads\/2024\/10\/DSC08888-15-Kenteken-WEG-1024x683.jpg","datePublished":"2020-10-09T11:39:05+00:00","dateModified":"2026-01-20T08:42:41+00:00","breadcrumb":{"@id":"https:\/\/donkersvagparts.nl\/de\/ueber-uns\/#breadcrumb"},"inLanguage":"de","potentialAction":[{"@type":"ReadAction","target":["https:\/\/donkersvagparts.nl\/de\/ueber-uns\/"]}]},{"@type":"ImageObject","inLanguage":"de","@id":"https:\/\/donkersvagparts.nl\/de\/ueber-uns\/#primaryimage","url":"https:\/\/donkersvagparts.nl\/wp-content\/uploads\/2024\/10\/DSC08888-15-Kenteken-WEG-1024x683.jpg","contentUrl":"https:\/\/donkersvagparts.nl\/wp-content\/uploads\/2024\/10\/DSC08888-15-Kenteken-WEG-1024x683.jpg"},{"@type":"BreadcrumbList","@id":"https:\/\/donkersvagparts.nl\/de\/ueber-uns\/#breadcrumb","itemListElement":[{"@type":"ListItem","position":1,"name":"Home","item":"https:\/\/donkersvagparts.nl\/de\/"},{"@type":"ListItem","position":2,"name":"\u00dcber uns"}]},{"@type":"WebSite","@id":"https:\/\/donkersvagparts.nl\/de\/#website","url":"https:\/\/donkersvagparts.nl\/de\/","name":"Donkers VAG Parts","description":"","publisher":{"@id":"https:\/\/donkersvagparts.nl\/de\/#organization"},"potentialAction":[{"@type":"SearchAction","target":{"@type":"EntryPoint","urlTemplate":"https:\/\/donkersvagparts.nl\/de\/?s={search_term_string}"},"query-input":{"@type":"PropertyValueSpecification","valueRequired":true,"valueName":"search_term_string"}}],"inLanguage":"de"},{"@type":"Organization","@id":"https:\/\/donkersvagparts.nl\/de\/#organization","name":"Donkers VAG Parts","url":"https:\/\/donkersvagparts.nl\/de\/","logo":{"@type":"ImageObject","inLanguage":"de","@id":"https:\/\/donkersvagparts.nl\/de\/#\/schema\/logo\/image\/","url":"https:\/\/donkersvagparts.nl\/wp-content\/uploads\/2026\/01\/Donkers-VAG-parts-logo.png","contentUrl":"https:\/\/donkersvagparts.nl\/wp-content\/uploads\/2026\/01\/Donkers-VAG-parts-logo.png","width":1454,"height":178,"caption":"Donkers VAG Parts"},"image":{"@id":"https:\/\/donkersvagparts.nl\/de\/#\/schema\/logo\/image\/"}}]}},"_links":{"self":[{"href":"https:\/\/donkersvagparts.nl\/de\/wp-json\/wp\/v2\/pages\/9807","targetHints":{"allow":["GET"]}}],"collection":[{"href":"https:\/\/donkersvagparts.nl\/de\/wp-json\/wp\/v2\/pages"}],"about":[{"href":"https:\/\/donkersvagparts.nl\/de\/wp-json\/wp\/v2\/types\/page"}],"author":[{"embeddable":true,"href":"https:\/\/donkersvagparts.nl\/de\/wp-json\/wp\/v2\/users\/1"}],"replies":[{"embeddable":true,"href":"https:\/\/donkersvagparts.nl\/de\/wp-json\/wp\/v2\/comments?post=9807"}],"version-history":[{"count":0,"href":"https:\/\/donkersvagparts.nl\/de\/wp-json\/wp\/v2\/pages\/9807\/revisions"}],"wp:attachment":[{"href":"https:\/\/donkersvagparts.nl\/de\/wp-json\/wp\/v2\/media?parent=9807"}],"curies":[{"name":"wp","href":"https:\/\/api.w.org\/{rel}","templated":true}]}}